{"id":167,"date":"2021-12-06T17:34:36","date_gmt":"2021-12-06T16:34:36","guid":{"rendered":"https:\/\/xb3systems.com\/?page_id=167"},"modified":"2022-05-30T10:35:12","modified_gmt":"2022-05-30T08:35:12","slug":"impressum","status":"publish","type":"page","link":"https:\/\/xb3systems.com\/index.php\/impressum\/","title":{"rendered":"Impressum"},"content":{"rendered":"\n<h2 class=\"wp-block-heading\">Impressum<\/h2>\n\n\n\n<p>Angaben gem\u00e4\u00df den Anforderungen des Telemediengesetzes (TMG):<\/p>\n\n\n\n<p>XB3Systems ApS<br>Thorbjergvej 15<br>6000 Kolding<br>D\u00e4nemark<\/p>\n\n\n\n<p>Gesch\u00e4ftsf\u00fchrer: Peter Brandt<\/p>\n\n\n\n<p>Telefon: +45 2891 1444<br>Mail: info@xb3systems.com<\/p>\n\n\n\n<p>Umsatzsteuer-Identifikationsnummer(n) \/ CVR Nr.: DK 42718688<\/p>\n\n\n\n<p>Die Europ\u00e4ische Kommission stellt eine Plattform zur Online-Streitbeilegung (OS) bereit, die Sie hier finden\u00a0<a rel=\"noreferrer noopener\" href=\"https:\/\/ec.europa.eu\/consumers\/odr\/\" target=\"_blank\"><u>https:\/\/ec.europa.eu\/consumers\/odr\/<\/u><\/a>. Zur Teilnahme an einem Streitbeilegungsverfahren vor einer Verbraucherschlichtungsstelle sind wir nicht verpflichtet und nicht bereit.<\/p>\n\n\n\n<p><\/p>\n\n\n\n<p><strong>Haftungsausschluss (Disclaimer)<\/strong><\/p>\n\n\n\n<p><strong>Haftung f\u00fcr Inhalte<br><\/strong>Als Diensteanbieter sind wir gem\u00e4\u00df \u00a7 7 Abs.1 TMG f\u00fcr eigene Inhalte auf diesen Seiten nach den allgemeinen Gesetzen verantwortlich. Nach \u00a7\u00a7 8 bis 10 TMG sind wir als Diensteanbieter jedoch nicht verpflichtet, \u00fcbermittelte oder gespeicherte fremde Informationen zu \u00fcberwachen oder nach Umst\u00e4nden zu forschen, die auf eine rechtswidrige T\u00e4tigkeit hinweisen. Verpflichtungen zur Entfernung oder Sperrung der Nutzung von Informationen nach den allgemeinen Gesetzen bleiben hiervon unber\u00fchrt. Eine diesbez\u00fcgliche Haftung ist jedoch erst ab dem Zeitpunkt der Kenntnis einer konkreten Rechtsverletzung m\u00f6glich. Bei Bekanntwerden von entsprechenden Rechtsverletzungen werden wir diese Inhalte umgehend entfernen.<\/p>\n\n\n\n<p><strong>Haftung f\u00fcr Links<br><\/strong>Unser Angebot enth\u00e4lt Links zu externen Webseiten Dritter, auf deren Inhalte wir keinen Einfluss haben. Deshalb k\u00f6nnen wir f\u00fcr diese fremden Inhalte auch keine Gew\u00e4hr \u00fcbernehmen. F\u00fcr die Inhalte der verlinkten Seiten ist stets der jeweilige Anbieter oder Betreiber der Seiten verantwortlich. Die verlinkten Seiten wurden zum Zeitpunkt der Verlinkung auf m\u00f6gliche Rechtsverst\u00f6\u00dfe \u00fcberpr\u00fcft. Rechtswidrige Inhalte waren zum Zeitpunkt der Verlinkung nicht erkennbar. Eine permanente inhaltliche Kontrolle der verlinkten Seiten ist jedoch ohne konkrete Anhaltspunkte einer Rechtsverletzung nicht zumutbar. Bei Bekanntwerden von Rechtsverletzungen werden wir derartige Links umgehend entfernen.<\/p>\n\n\n\n<p><strong>Urheberrecht<br><\/strong>Die durch die Seitenbetreiber erstellten Inhalte und Werke auf diesen Seiten unterliegen dem deutschen Urheberrecht. Die Vervielf\u00e4ltigung, Bearbeitung, Verbreitung und jede Art der Verwertung au\u00dferhalb der Grenzen des Urheberrechtes bed\u00fcrfen der schriftlichen Zustimmung des jeweiligen Autors bzw. Erstellers. Downloads und Kopien dieser Seite sind nur f\u00fcr den privaten, nicht kommerziellen Gebrauch gestattet. Soweit die Inhalte auf dieser Seite nicht vom Betreiber erstellt wurden, werden die Urheberrechte Dritter beachtet. Insbesondere werden Inhalte Dritter als solche gekennzeichnet. Sollten Sie trotzdem auf eine Urheberrechtsverletzung aufmerksam werden, bitten wir um einen entsprechenden Hinweis. Bei Bekanntwerden von Rechtsverletzungen werden wir derartige Inhalte umgehend entfernen.<\/p>\n\n\n\n<p><strong>Datenschutzerkl\u00e4rung:<\/strong><\/p>\n\n\n\n<p><strong>Allgemeines<br><\/strong>Wir achten Ihre Pers\u00f6nlichkeitsrechte und wissen um die Bedeutung pers\u00f6nlicher Daten, die wir von Ihnen erhalten. Wir respektieren den Schutz Ihrer pers\u00f6nlichen Daten und werden s\u00e4mtliche erlangten Daten ausschlie\u00dflich nach Ma\u00dfgabe der einschl\u00e4gigendatenschutzrechtlichen Bestimmungen erheben, speichern oder verarbeiten. Soweit Internetseiten und\/oder \u2013 dienste anderer Anbieter \u00fcber unsere Website zug\u00e4nglich oder verlinkt sind, sind wir f\u00fcr deren Inhalte und insbesondere deren datenschutzrechtliche Handhabung nicht verantwortlich.<\/p>\n\n\n\n<p><strong>Erhebung personenbezogener Daten<br><\/strong>Grunds\u00e4tzlich erheben wir bei Besuch unserer Website keine personenbezogenen Daten, wie beispielsweise Anrede, Name, Anschrift, E-Mail-Adresse oder Verbindungsdaten. Unsere Server erfassen bestimmte Daten automatisch, die Ihr Webbrowser bei Besuch einer Website verschickt. Diese Daten k\u00f6nnen insbesondere den von Ihnen verwandten Browsertyp, die Browsersprache sowie Datum und Uhrzeit Ihrer Browseranfrage und die genutzte IP-Adresse enthalten. Die Auswertung dieser Daten erfolgt ausschlie\u00dflich in anonymisierter Form zu statistischen Zwecken ohne M\u00f6glichkeit der Zusammenf\u00fchrung mit anderen Daten von Ihnen. Nach Beendigung der Auswertung werden auch diese Daten wieder gel\u00f6scht.<\/p>\n\n\n\n<p><strong>Einsatz und Unterbindung von Cookies<br><\/strong>Diese Website setzt Cookies (kleine Dateien mit Konfigurationsinformationen) ein, um die ordnungsgem\u00e4\u00dfe Funktion der Website sicherzustellen. Zweck der Verwendung von Cookies auf unserer Website ist lediglich die Gew\u00e4hrleistung der technischen Funktionalit\u00e4t der Website. Falls sie mit der Verwendung von Cookies nicht einverstanden sind, k\u00f6nnen sie die Speicherung von Cookies durch entsprechende Einstellungen in Ihrer Browsersoftware verhindern; ggf. sind dann jedoch nicht alle Funktionalit\u00e4ten dieser Website vollumf\u00e4nglich nutzbar. Nach Besuch unserer Website werden die Cookies automatisch gel\u00f6scht.<\/p>\n\n\n\n<p><strong>Verwendung personenbezogener Daten und Widerspruchsrecht<br><\/strong>Wir versichern Ihnen, soweit wir personenbezogene Daten erheben, diese vertraulich zu behandeln und uns bei der Verarbeitung und Nutzung dieser Daten an die gesetzlichen Bestimmungen des BDSG und des TMG zu halten. Eine Nutzung personenbezogener Daten erfolgt nur, soweit dies in konkreten Einzelf\u00e4llen f\u00fcr die Durchf\u00fchrung und Abwicklung des Nutzungsverh&amp;aulm;ltnisses, insbesondere im Rahmen ggf. gef\u00fchrter Kommunikation erforderlich ist oder Sie uns eine gesonderte Einwilligung erteilt haben.<\/p>\n\n\n\n<p><strong>Sicherheit<br><\/strong>Wir setzen technische und organisatorische Sicherheitsma\u00dfnahmen ein, um unsere Website gegen Manipulationen, Verlust, Zerst\u00f6rung oder vor dem Zugriff Unberechtigter zu sch\u00fctzen. Wir bem\u00fchen uns, unsere Sicherheitsma\u00dfnahmen entsprechend den technologischen Entwicklungen fortlaufend anzupassen und zu verbessern.<\/p>\n\n\n\n<p><strong>Weitergehende Fragen und Hinweise<br><\/strong>Auf Anforderung werden wir Ihnen mitteilen, ob und ggf. welche personenbezogenen Daten \u00fcber Sie bei uns gespeichert sind. Wenn Sie dar\u00fcber hinausgehende Fragen zum Datenschutz auf dieser Internetpr\u00e4senz haben, schreiben Sie uns an:<br><br>XB3Systems ApS<br>Thorbjergvej 15<br>6000 Kolding<br>D\u00e4nemark<\/p>\n","protected":false},"excerpt":{"rendered":"<p>Impressum Angaben gem\u00e4\u00df den Anforderungen des Telemediengesetzes (TMG): XB3Systems ApSThorbjergvej 156000 KoldingD\u00e4nemark Gesch\u00e4ftsf\u00fchrer: Peter Brandt Telefon: +45 2891 1444Mail: info@xb3systems.com Umsatzsteuer-Identifikationsnummer(n) \/ CVR Nr.: DK 42718688 Die Europ\u00e4ische Kommission stellt eine Plattform zur Online-Streitbeilegung (OS) bereit, die Sie hier finden\u00a0https:\/\/ec.europa.eu\/consumers\/odr\/. Zur Teilnahme an einem Streitbeilegungsverfahren vor einer Verbraucherschlichtungsstelle sind wir [&hellip;]<\/p>\n","protected":false},"author":1,"featured_media":112,"parent":0,"menu_order":0,"comment_status":"closed","ping_status":"closed","template":"","meta":{"footnotes":""},"class_list":["post-167","page","type-page","status-publish","has-post-thumbnail","hentry"],"_links":{"self":[{"href":"https:\/\/xb3systems.com\/index.php\/wp-json\/wp\/v2\/pages\/167","targetHints":{"allow":["GET"]}}],"collection":[{"href":"https:\/\/xb3systems.com\/index.php\/wp-json\/wp\/v2\/pages"}],"about":[{"href":"https:\/\/xb3systems.com\/index.php\/wp-json\/wp\/v2\/types\/page"}],"author":[{"embeddable":true,"href":"https:\/\/xb3systems.com\/index.php\/wp-json\/wp\/v2\/users\/1"}],"replies":[{"embeddable":true,"href":"https:\/\/xb3systems.com\/index.php\/wp-json\/wp\/v2\/comments?post=167"}],"version-history":[{"count":8,"href":"https:\/\/xb3systems.com\/index.php\/wp-json\/wp\/v2\/pages\/167\/revisions"}],"predecessor-version":[{"id":213,"href":"https:\/\/xb3systems.com\/index.php\/wp-json\/wp\/v2\/pages\/167\/revisions\/213"}],"wp:featuredmedia":[{"embeddable":true,"href":"https:\/\/xb3systems.com\/index.php\/wp-json\/wp\/v2\/media\/112"}],"wp:attachment":[{"href":"https:\/\/xb3systems.com\/index.php\/wp-json\/wp\/v2\/media?parent=167"}],"curies":[{"name":"wp","href":"https:\/\/api.w.org\/{rel}","templated":true}]}}